{"id":12,"date":"2026-04-27T11:39:51","date_gmt":"2026-04-27T11:39:51","guid":{"rendered":"https:\/\/nextingatlan.eu\/?page_id=12"},"modified":"2026-04-27T21:03:26","modified_gmt":"2026-04-27T21:03:26","slug":"kezdolap","status":"publish","type":"page","link":"https:\/\/nextingatlan.eu\/","title":{"rendered":"Kezd\u0151lap"},"content":{"rendered":"<p>[et_pb_section fb_built=&#8221;1&#8243; fullwidth=&#8221;on&#8221; admin_label=&#8221;Hero Section&#8221; _builder_version=&#8221;4.27.6&#8243; background_color=&#8221;#203e76&#8243; background_image=&#8221;https:\/\/nextingatlan.eu\/wp-content\/uploads\/2026\/04\/kep_hero.jpg&#8221; parallax=&#8221;on&#8221; animation_style=&#8221;fade&#8221; animation_starting_opacity=&#8221;87%&#8221; global_colors_info=&#8221;{}&#8221;][et_pb_fullwidth_header title=&#8221;Duna Hause &#8211; Next Ingatlan Kft.&#8221; subhead=&#8221;Kecskem\u00e9t vezet\u0151 ingatlanirod\u00e1ja&#8221; text_orientation=&#8221;center&#8221; header_fullscreen=&#8221;on&#8221; button_one_text=&#8221;Kapcsolat&#8221; background_overlay_color=&#8221;rgba(49,62,71,0.8)&#8221; title_font_color=&#8221;#ffffff&#8221; subhead_font_color=&#8221;#ffffff&#8221; admin_label=&#8221;Hero Area&#8221; _builder_version=&#8221;4.27.6&#8243; title_font=&#8221;Prata||||||||&#8221; title_text_color=&#8221;#ffffff&#8221; title_font_size=&#8221;18px&#8221; title_line_height=&#8221;1.6em&#8221; content_font=&#8221;||||||||&#8221; subhead_font=&#8221;|700|||||||&#8221; subhead_text_color=&#8221;#ffffff&#8221; subhead_font_size=&#8221;42px&#8221; subhead_letter_spacing=&#8221;1px&#8221; subhead_line_height=&#8221;3em&#8221; background_color=&#8221;rgba(255, 255, 255, 0)&#8221; background_position=&#8221;top_left&#8221; background_repeat=&#8221;repeat&#8221; custom_button_one=&#8221;on&#8221; button_one_text_size=&#8221;13px&#8221; button_one_text_color=&#8221;#FFFFFF&#8221; button_one_bg_color=&#8221;#c4004c&#8221; button_one_border_width=&#8221;12px&#8221; button_one_border_color=&#8221;#c4004c&#8221; button_one_border_radius=&#8221;0px&#8221; button_one_letter_spacing=&#8221;4px&#8221; button_one_font=&#8221;|700||on|||||&#8221; button_one_icon=&#8221;&#x24;||divi||400&#8243; background_layout=&#8221;light&#8221; hover_enabled=&#8221;0&#8243; title_font_size_tablet=&#8221;40px&#8221; title_font_size_phone=&#8221;&#8221; title_font_size_last_edited=&#8221;on|tablet&#8221; border_color_all=&#8221;#203e76&#8243; border_width_left=&#8221;10vw&#8221; button_one_border_radius_hover=&#8221;0px&#8221; button_one_letter_spacing_hover=&#8221;4px&#8221; global_colors_info=&#8221;{}&#8221; button_one_text_size__hover_enabled=&#8221;off&#8221; button_two_text_size__hover_enabled=&#8221;off&#8221; button_one_text_color__hover_enabled=&#8221;off&#8221; button_two_text_color__hover_enabled=&#8221;off&#8221; button_one_border_width__hover_enabled=&#8221;off&#8221; button_two_border_width__hover_enabled=&#8221;off&#8221; button_one_border_color__hover_enabled=&#8221;off&#8221; button_two_border_color__hover_enabled=&#8221;off&#8221; button_one_border_radius__hover_enabled=&#8221;on&#8221; button_one_border_radius__hover=&#8221;0px&#8221; button_two_border_radius__hover_enabled=&#8221;off&#8221; button_one_letter_spacing__hover_enabled=&#8221;on&#8221; button_one_letter_spacing__hover=&#8221;4px&#8221; button_two_letter_spacing__hover_enabled=&#8221;off&#8221; button_one_bg_color__hover_enabled=&#8221;off&#8221; button_two_bg_color__hover_enabled=&#8221;off&#8221; sticky_enabled=&#8221;0&#8243;][\/et_pb_fullwidth_header][\/et_pb_section][et_pb_section fb_built=&#8221;1&#8243; admin_label=&#8221;Welcome Section&#8221; _builder_version=&#8221;4.27.6&#8243; background_color=&#8221;#f7f7f7&#8243; custom_margin=&#8221;|||&#8221; custom_padding=&#8221;110px||110px|&#8221; border_color_all=&#8221;#c4004c&#8221; border_width_right=&#8221;8vw&#8221; global_colors_info=&#8221;{}&#8221;][et_pb_row admin_label=&#8221;Welcome Area&#8221; _builder_version=&#8221;4.16&#8243; global_colors_info=&#8221;{}&#8221;][et_pb_column type=&#8221;4_4&#8243; _builder_version=&#8221;4.16&#8243; custom_padding=&#8221;|||&#8221; global_colors_info=&#8221;{}&#8221; custom_padding__hover=&#8221;|||&#8221;][et_pb_text admin_label=&#8221;Title&#8221; _builder_version=&#8221;4.27.6&#8243; text_font=&#8221;||||||||&#8221; header_font=&#8221;||||||||&#8221; header_2_font=&#8221;Prata||||||||&#8221; header_2_text_align=&#8221;center&#8221; header_2_font_size=&#8221;48px&#8221; header_2_line_height=&#8221;1.6em&#8221; custom_margin=&#8221;||10px|&#8221; custom_padding=&#8221;|||&#8221; animation_style=&#8221;fade&#8221; header_2_font_size_tablet=&#8221;40px&#8221; header_2_font_size_phone=&#8221;&#8221; header_2_font_size_last_edited=&#8221;on|tablet&#8221; global_colors_info=&#8221;{}&#8221;]<\/p>\n<h2>Magunkr\u00f3l<\/h2>\n<p>[\/et_pb_text][et_pb_divider color=&#8221;#203e76&#8243; divider_position=&#8221;center&#8221; divider_weight=&#8221;3px&#8221; _builder_version=&#8221;4.27.6&#8243; max_width=&#8221;70px&#8221; module_alignment=&#8221;center&#8221; animation_style=&#8221;slide&#8221; animation_direction=&#8221;top&#8221; animation_intensity_slide=&#8221;10%&#8221; animation_starting_opacity=&#8221;100%&#8221; global_colors_info=&#8221;{}&#8221;][\/et_pb_divider][\/et_pb_column][\/et_pb_row][et_pb_row column_structure=&#8221;2_3,1_3&#8243; admin_label=&#8221;Welcome Area&#8221; _builder_version=&#8221;4.16&#8243; custom_margin=&#8221;|||&#8221; global_colors_info=&#8221;{}&#8221;][et_pb_column type=&#8221;2_3&#8243; _builder_version=&#8221;4.16&#8243; custom_padding=&#8221;|||&#8221; global_colors_info=&#8221;{}&#8221; custom_padding__hover=&#8221;|||&#8221;][et_pb_image src=&#8221;https:\/\/nextingatlan.eu\/wp-content\/uploads\/2026\/04\/kep_1.jpg&#8221; title_text=&#8221;kep_1&#8243; show_bottom_space=&#8221;off&#8221; force_fullwidth=&#8221;on&#8221; align_tablet=&#8221;center&#8221; align_phone=&#8221;center&#8221; align_last_edited=&#8221;on|desktop&#8221; _builder_version=&#8221;4.27.6&#8243; custom_margin=&#8221;|||&#8221; animation_style=&#8221;slide&#8221; animation_direction=&#8221;left&#8221; animation_intensity_slide=&#8221;2%&#8221; border_width_all=&#8221;30px&#8221; border_color_all=&#8221;#ffffff&#8221; box_shadow_style=&#8221;preset2&#8243; box_shadow_horizontal=&#8221;0px&#8221; box_shadow_vertical=&#8221;15px&#8221; box_shadow_blur=&#8221;60px&#8221; box_shadow_color=&#8221;rgba(29,61,71,0.2)&#8221; global_colors_info=&#8221;{}&#8221;][\/et_pb_image][\/et_pb_column][et_pb_column type=&#8221;1_3&#8243; _builder_version=&#8221;4.16&#8243; custom_padding=&#8221;40px||40px|&#8221; global_colors_info=&#8221;{}&#8221; custom_padding__hover=&#8221;|||&#8221;][et_pb_text _builder_version=&#8221;4.27.6&#8243; text_font=&#8221;||||||||&#8221; text_font_size=&#8221;16px&#8221; text_line_height=&#8221;2em&#8221; header_font=&#8221;||||||||&#8221; animation_style=&#8221;fold&#8221; animation_direction=&#8221;left&#8221; animation_intensity_fold=&#8221;5%&#8221; animation_starting_opacity=&#8221;100%&#8221; global_colors_info=&#8221;{}&#8221;]<\/p>\n<p style=\"text-align: left;\">A Next Ingatlan Kft. &#8211; a Duna Hause Frachise partnerek\u00e9nt &#8211; Kecskem\u00e9t \u00e9s k\u00f6rny\u00e9ke egyik legmeghat\u00e1roz\u00f3bb ingatlank\u00f6zvet\u00edt\u0151 irod\u00e1ja. H\u00e1rom irod\u00e1nkban, 35 f\u0151b\u0151l \u00e1ll\u00f3, j\u00f3l k\u00e9pzett \u00e9s elh\u00edvatott csapatunk v\u00e1rja az elad\u00f3kat, vev\u0151ket, b\u00e9rbead\u00f3kat \u00e9s b\u00e9rl\u0151ket egyar\u00e1nt.<\/p>\n<p style=\"text-align: left;\">Kecskem\u00e9t az otthonunk &#8211; itt \u00e9l\u00fcnk, itt dolgozunk, \u00e9s t\u00f6k\u00e9letesen ismerj\u00fck a helyi ingatlanpiacot, a k\u00f6rny\u00e9k adotts\u00e1gait, az oktat\u00e1si, eg\u00e9szs\u00e9g\u00fcgyi \u00e9s szolg\u00e1ltat\u00e1si lehet\u0151s\u00e9geket is. Ez a helyismeret teszi lehet\u0151v\u00e9, hogy hitelesen \u00e9s eredm\u00e9nyesen k\u00e9pviselj\u00fck \u00fcgyfeleinket mind elad\u00e1s, mind v\u00e1s\u00e1rl\u00e1s sor\u00e1n.<\/p>\n<p style=\"text-align: left;\">Kecskem\u00e9ten k\u00edv\u00fcl Kisk\u0151r\u00f6s\u00f6n is sikeresen m\u0171k\u00f6dtet\u00fcnk saj\u00e1t ingatlanirod\u00e1t ahonnan a helyi \u00e9s k\u00f6rny\u00e9kbeli ig\u00e9nyeket professzion\u00e1lisan ki tudjuk szolg\u00e1lni.<\/p>\n<p>[\/et_pb_text][\/et_pb_column][\/et_pb_row][\/et_pb_section][et_pb_section fb_built=&#8221;1&#8243; admin_label=&#8221;CTA Section&#8221; _builder_version=&#8221;4.27.6&#8243; use_background_color_gradient=&#8221;on&#8221; background_color_gradient_stops=&#8221;#313e47 0%|rgba(49,62,71,0.5) 100%&#8221; background_color_gradient_overlays_image=&#8221;on&#8221; background_color_gradient_start=&#8221;#313e47&#8243; background_color_gradient_end=&#8221;rgba(49,62,71,0.5)&#8221; background_image=&#8221;https:\/\/nextingatlan.eu\/wp-content\/uploads\/2026\/04\/kep_2.jpg&#8221; custom_padding=&#8221;160px|0px|160px|&#8221; border_color_all=&#8221;#203e76&#8243; border_width_left=&#8221;8vw&#8221; global_colors_info=&#8221;{}&#8221;][et_pb_row column_structure=&#8221;2_3,1_3&#8243; use_custom_gutter=&#8221;on&#8221; gutter_width=&#8221;2&#8243; admin_label=&#8221;CTA Area&#8221; _builder_version=&#8221;4.16&#8243; custom_padding=&#8221;27px|0px|0px|0px&#8221; global_colors_info=&#8221;{}&#8221;][et_pb_column type=&#8221;2_3&#8243; _builder_version=&#8221;4.16&#8243; custom_padding=&#8221;|||&#8221; global_colors_info=&#8221;{}&#8221; custom_padding__hover=&#8221;|||&#8221;][et_pb_text admin_label=&#8221;Title&#8221; _builder_version=&#8221;4.27.6&#8243; text_font=&#8221;||||||||&#8221; header_font=&#8221;||||||||&#8221; header_2_font=&#8221;Prata||||||||&#8221; header_2_font_size=&#8221;40px&#8221; header_2_line_height=&#8221;1.6em&#8221; background_layout=&#8221;dark&#8221; module_alignment=&#8221;center&#8221; custom_margin=&#8221;|||&#8221; custom_padding=&#8221;|||&#8221; global_colors_info=&#8221;{}&#8221;]<\/p>\n<h2>Csapatunk fiatalos, lend\u00fcletes, \u00fcgyf\u00e9lk\u00f6zpont\u00fa \u00e9s sikerorient\u00e1lt.<\/h2>\n<p>[\/et_pb_text][\/et_pb_column][et_pb_column type=&#8221;1_3&#8243; _builder_version=&#8221;4.16&#8243; custom_padding=&#8221;|||&#8221; global_colors_info=&#8221;{}&#8221; custom_padding__hover=&#8221;|||&#8221;][\/et_pb_column][\/et_pb_row][\/et_pb_section][et_pb_section fb_built=&#8221;1&#8243; admin_label=&#8221;Skill Section&#8221; _builder_version=&#8221;4.16&#8243; custom_margin=&#8221;|||&#8221; custom_padding=&#8221;140px|0px|140px|0px&#8221; global_colors_info=&#8221;{}&#8221;][et_pb_row column_structure=&#8221;1_2,1_2&#8243; admin_label=&#8221;Skill Area&#8221; _builder_version=&#8221;4.16&#8243; global_colors_info=&#8221;{}&#8221;][et_pb_column type=&#8221;1_2&#8243; _builder_version=&#8221;4.16&#8243; custom_padding=&#8221;80px||80px|&#8221; global_colors_info=&#8221;{}&#8221; custom_padding__hover=&#8221;|||&#8221;][et_pb_text _builder_version=&#8221;4.27.6&#8243; text_font=&#8221;||||||||&#8221; text_font_size=&#8221;16px&#8221; text_line_height=&#8221;2em&#8221; header_font=&#8221;||||||||&#8221; animation_direction=&#8221;left&#8221; global_colors_info=&#8221;{}&#8221;]<\/p>\n<p>Elk\u00f6telezettek vagyunk abban, hogy minden piaci helyzetben \u00e9rt\u00e9ket teremts\u00fcnnk \u00fcgyfeleink sz\u00e1m\u00e1ra &#8211; legyen sz\u00f3 elad\u00f3 lak\u00e1sr\u00f3l, csal\u00e1di h\u00e1zr\u00f3l, \u00e9p\u00edt\u00e9si telekr\u0151l vagy befektet\u00e9si c\u00e9l\u00fa ingatlanr\u00f3l Kecskem\u00e9ten vagy k\u00f6rny\u00e9k\u00e9n.<\/p>\n<p>Tapasztalataink szerint, aki bet\u00e9r hozz\u00e1nk, el\u00e9gedetten \u00e9s poziz\u00edv \u00e9lm\u00e9nyekkel t\u00e1vozik. L\u00e1togasson el irod\u00e1nkba, v\u00e1rjuk szerettel!<\/p>\n<p>[\/et_pb_text][\/et_pb_column][et_pb_column type=&#8221;1_2&#8243; _builder_version=&#8221;4.16&#8243; custom_padding=&#8221;|||&#8221; global_colors_info=&#8221;{}&#8221; custom_padding__hover=&#8221;|||&#8221;][et_pb_image src=&#8221;https:\/\/nextingatlan.eu\/wp-content\/uploads\/2026\/04\/kep_3.jpg&#8221; title_text=&#8221;kep_3&#8243; show_bottom_space=&#8221;off&#8221; force_fullwidth=&#8221;on&#8221; align_tablet=&#8221;center&#8221; align_phone=&#8221;center&#8221; align_last_edited=&#8221;on|desktop&#8221; _builder_version=&#8221;4.27.6&#8243; custom_margin=&#8221;|||&#8221; animation_style=&#8221;slide&#8221; animation_direction=&#8221;right&#8221; animation_intensity_slide=&#8221;2%&#8221; animation_starting_opacity=&#8221;100%&#8221; border_width_all=&#8221;30px&#8221; border_color_all=&#8221;#ffffff&#8221; box_shadow_style=&#8221;preset2&#8243; box_shadow_horizontal=&#8221;0px&#8221; box_shadow_vertical=&#8221;15px&#8221; box_shadow_blur=&#8221;60px&#8221; box_shadow_color=&#8221;rgba(29,61,71,0.2)&#8221; global_colors_info=&#8221;{}&#8221;][\/et_pb_image][\/et_pb_column][\/et_pb_row][\/et_pb_section][et_pb_section fb_built=&#8221;1&#8243; admin_label=&#8221;Practice Section&#8221; _builder_version=&#8221;4.27.6&#8243; background_color=&#8221;#f7f7f7&#8243; custom_padding=&#8221;110px||110px|&#8221; locked=&#8221;off&#8221; global_colors_info=&#8221;{}&#8221;][et_pb_row admin_label=&#8221;Practice Area&#8221; _builder_version=&#8221;4.16&#8243; locked=&#8221;off&#8221; global_colors_info=&#8221;{}&#8221;][et_pb_column type=&#8221;4_4&#8243; _builder_version=&#8221;4.16&#8243; custom_padding=&#8221;|||&#8221; global_colors_info=&#8221;{}&#8221; custom_padding__hover=&#8221;|||&#8221;][et_pb_text admin_label=&#8221;Title&#8221; _builder_version=&#8221;4.27.6&#8243; text_font=&#8221;||||||||&#8221; header_font=&#8221;||||||||&#8221; header_2_font=&#8221;Prata||||||||&#8221; header_2_text_align=&#8221;center&#8221; header_2_font_size=&#8221;48px&#8221; header_2_line_height=&#8221;1.6em&#8221; custom_margin=&#8221;||10px|&#8221; custom_padding=&#8221;|||&#8221; animation_style=&#8221;fade&#8221; header_2_font_size_tablet=&#8221;40px&#8221; header_2_font_size_phone=&#8221;&#8221; header_2_font_size_last_edited=&#8221;on|tablet&#8221; global_colors_info=&#8221;{}&#8221;]<\/p>\n<h2>Irod\u00e1ink<\/h2>\n<p>[\/et_pb_text][et_pb_divider color=&#8221;#203e76&#8243; divider_position=&#8221;center&#8221; divider_weight=&#8221;3px&#8221; _builder_version=&#8221;4.27.6&#8243; max_width=&#8221;70px&#8221; module_alignment=&#8221;center&#8221; animation_style=&#8221;slide&#8221; animation_direction=&#8221;top&#8221; animation_intensity_slide=&#8221;10%&#8221; animation_starting_opacity=&#8221;100%&#8221; global_colors_info=&#8221;{}&#8221;][\/et_pb_divider][\/et_pb_column][\/et_pb_row][et_pb_row column_structure=&#8221;1_2,1_2&#8243; admin_label=&#8221;Practice Area&#8221; _builder_version=&#8221;4.27.6&#8243; max_width=&#8221;1280px&#8221; use_custom_width=&#8221;on&#8221; custom_width_px=&#8221;1280px&#8221; global_colors_info=&#8221;{}&#8221;][et_pb_column type=&#8221;1_2&#8243; _builder_version=&#8221;4.27.6&#8243; custom_padding=&#8221;|||&#8221; box_shadow_style=&#8221;preset1&#8243; global_colors_info=&#8221;{}&#8221; custom_padding__hover=&#8221;|||&#8221;][et_pb_image src=&#8221;https:\/\/nextingatlan.eu\/wp-content\/uploads\/2026\/04\/kep_iroda_1.jpg&#8221; title_text=&#8221;kep_iroda_1&#8243; show_bottom_space=&#8221;off&#8221; force_fullwidth=&#8221;on&#8221; align_tablet=&#8221;center&#8221; align_phone=&#8221;center&#8221; align_last_edited=&#8221;on|desktop&#8221; _builder_version=&#8221;4.27.6&#8243; custom_margin=&#8221;||30px|&#8221; animation_style=&#8221;zoom&#8221; animation_direction=&#8221;top&#8221; animation_intensity_zoom=&#8221;2%&#8221; box_shadow_style=&#8221;preset1&#8243; box_shadow_vertical=&#8221;15px&#8221; box_shadow_blur=&#8221;60px&#8221; box_shadow_color=&#8221;rgba(29,61,71,0.2)&#8221; global_colors_info=&#8221;{}&#8221;][\/et_pb_image][et_pb_text _builder_version=&#8221;4.27.6&#8243; text_font=&#8221;||||||||&#8221; text_font_size=&#8221;16px&#8221; text_line_height=&#8221;2em&#8221; link_font=&#8221;||||||||&#8221; link_text_color=&#8221;#ffba60&#8243; header_font=&#8221;||||||||&#8221; header_4_font=&#8221;Roboto Slab||||||||&#8221; header_4_font_size=&#8221;22px&#8221; header_4_line_height=&#8221;1.8em&#8221; module_alignment=&#8221;center&#8221; custom_padding=&#8221;|||15px|false|false&#8221; animation_style=&#8221;fade&#8221; global_colors_info=&#8221;{}&#8221;]<\/p>\n<h4>Dob\u00f3 krt-i iroda<\/h4>\n<p>Tel.: +36 76 583 742<br \/>C\u00edm: 6000 Kecskem\u00e9t, Dob\u00f3 k\u00f6r\u00fat 7.<br \/>Nyitvatart\u00e1s: H\u00e9tf\u0151 &#8211; P\u00e9ntek: 9:00 &#8211; 18:00<\/p>\n<p>&nbsp;<\/p>\n<p>[\/et_pb_text][\/et_pb_column][et_pb_column type=&#8221;1_2&#8243; _builder_version=&#8221;4.27.6&#8243; custom_padding=&#8221;|||&#8221; box_shadow_style=&#8221;preset1&#8243; global_colors_info=&#8221;{}&#8221; custom_padding__hover=&#8221;|||&#8221;][et_pb_image src=&#8221;https:\/\/nextingatlan.eu\/wp-content\/uploads\/2026\/04\/kep_iroda_2.jpg&#8221; title_text=&#8221;kep_iroda_2&#8243; show_bottom_space=&#8221;off&#8221; force_fullwidth=&#8221;on&#8221; align_tablet=&#8221;center&#8221; align_phone=&#8221;center&#8221; align_last_edited=&#8221;on|desktop&#8221; _builder_version=&#8221;4.27.6&#8243; custom_margin=&#8221;||30px|&#8221; animation_style=&#8221;zoom&#8221; animation_direction=&#8221;top&#8221; animation_intensity_zoom=&#8221;2%&#8221; box_shadow_style=&#8221;preset1&#8243; box_shadow_vertical=&#8221;15px&#8221; box_shadow_blur=&#8221;60px&#8221; box_shadow_color=&#8221;rgba(29,61,71,0.2)&#8221; locked=&#8221;off&#8221; global_colors_info=&#8221;{}&#8221;][\/et_pb_image][et_pb_text _builder_version=&#8221;4.27.6&#8243; text_font=&#8221;||||||||&#8221; text_font_size=&#8221;16px&#8221; text_line_height=&#8221;2em&#8221; link_font=&#8221;||||||||&#8221; link_text_color=&#8221;#ffba60&#8243; header_font=&#8221;||||||||&#8221; header_4_font=&#8221;Roboto Slab||||||||&#8221; header_4_font_size=&#8221;22px&#8221; header_4_line_height=&#8221;1.8em&#8221; module_alignment=&#8221;center&#8221; custom_padding=&#8221;|||15px|false|false&#8221; animation_style=&#8221;fade&#8221; locked=&#8221;off&#8221; global_colors_info=&#8221;{}&#8221;]<\/p>\n<h4>Arany J\u00e1nos utcai iroda<\/h4>\n<p>Tel.: +36 76 342 856<br \/>C\u00edm: 6000 Kecskem\u00e9t, Arany J\u00e1nos utca 10.<br \/>Nyitvatart\u00e1s: H\u00e9tf\u0151 &#8211; P\u00e9ntek: 9:00 &#8211; 18:00<\/p>\n<p>&nbsp;<\/p>\n<p>[\/et_pb_text][\/et_pb_column][\/et_pb_row][et_pb_row column_structure=&#8221;1_2,1_2&#8243; admin_label=&#8221;Practice Area&#8221; _builder_version=&#8221;4.27.6&#8243; max_width=&#8221;1280px&#8221; use_custom_width=&#8221;on&#8221; custom_width_px=&#8221;1280px&#8221; global_colors_info=&#8221;{}&#8221;][et_pb_column type=&#8221;1_2&#8243; _builder_version=&#8221;4.27.6&#8243; custom_padding=&#8221;|||&#8221; box_shadow_style=&#8221;preset1&#8243; global_colors_info=&#8221;{}&#8221; custom_padding__hover=&#8221;|||&#8221;][et_pb_image src=&#8221;https:\/\/nextingatlan.eu\/wp-content\/uploads\/2026\/04\/kep_iroda_1.jpg&#8221; title_text=&#8221;kep_iroda_1&#8243; show_bottom_space=&#8221;off&#8221; force_fullwidth=&#8221;on&#8221; align_tablet=&#8221;center&#8221; align_phone=&#8221;center&#8221; align_last_edited=&#8221;on|desktop&#8221; _builder_version=&#8221;4.27.6&#8243; custom_margin=&#8221;||30px|&#8221; animation_style=&#8221;zoom&#8221; animation_direction=&#8221;top&#8221; animation_intensity_zoom=&#8221;2%&#8221; box_shadow_style=&#8221;preset1&#8243; box_shadow_vertical=&#8221;15px&#8221; box_shadow_blur=&#8221;60px&#8221; box_shadow_color=&#8221;rgba(29,61,71,0.2)&#8221; global_colors_info=&#8221;{}&#8221;][\/et_pb_image][et_pb_text _builder_version=&#8221;4.27.6&#8243; text_font=&#8221;||||||||&#8221; text_font_size=&#8221;16px&#8221; text_line_height=&#8221;2em&#8221; link_font=&#8221;||||||||&#8221; link_text_color=&#8221;#ffba60&#8243; header_font=&#8221;||||||||&#8221; header_4_font=&#8221;Roboto Slab||||||||&#8221; header_4_font_size=&#8221;22px&#8221; header_4_line_height=&#8221;1.8em&#8221; module_alignment=&#8221;center&#8221; custom_padding=&#8221;|||15px|false|false&#8221; animation_style=&#8221;fade&#8221; global_colors_info=&#8221;{}&#8221;]<\/p>\n<h4>Balaton utcai iroda<\/h4>\n<p>Tel.: +36 70 704 6563<br \/>C\u00edm: 6000 Kecskem\u00e9t, Balaton utca 24.<br \/>Nyitvatart\u00e1s: H\u00e9tf\u0151 &#8211; P\u00e9ntek: 9:00 &#8211; 18:00<\/p>\n<p>&nbsp;<\/p>\n<p>[\/et_pb_text][\/et_pb_column][et_pb_column type=&#8221;1_2&#8243; _builder_version=&#8221;4.27.6&#8243; custom_padding=&#8221;|||&#8221; box_shadow_style=&#8221;preset1&#8243; global_colors_info=&#8221;{}&#8221; custom_padding__hover=&#8221;|||&#8221;][et_pb_image src=&#8221;https:\/\/nextingatlan.eu\/wp-content\/uploads\/2026\/04\/kep_iroda_2.jpg&#8221; title_text=&#8221;kep_iroda_2&#8243; show_bottom_space=&#8221;off&#8221; force_fullwidth=&#8221;on&#8221; align_tablet=&#8221;center&#8221; align_phone=&#8221;center&#8221; align_last_edited=&#8221;on|desktop&#8221; _builder_version=&#8221;4.27.6&#8243; custom_margin=&#8221;||30px|&#8221; animation_style=&#8221;zoom&#8221; animation_direction=&#8221;top&#8221; animation_intensity_zoom=&#8221;2%&#8221; box_shadow_style=&#8221;preset1&#8243; box_shadow_vertical=&#8221;15px&#8221; box_shadow_blur=&#8221;60px&#8221; box_shadow_color=&#8221;rgba(29,61,71,0.2)&#8221; locked=&#8221;off&#8221; global_colors_info=&#8221;{}&#8221;][\/et_pb_image][et_pb_text _builder_version=&#8221;4.27.6&#8243; text_font=&#8221;||||||||&#8221; text_font_size=&#8221;16px&#8221; text_line_height=&#8221;2em&#8221; link_font=&#8221;||||||||&#8221; link_text_color=&#8221;#ffba60&#8243; header_font=&#8221;||||||||&#8221; header_4_font=&#8221;Roboto Slab||||||||&#8221; header_4_font_size=&#8221;22px&#8221; header_4_line_height=&#8221;1.8em&#8221; module_alignment=&#8221;center&#8221; custom_padding=&#8221;|||15px|false|false&#8221; animation_style=&#8221;fade&#8221; locked=&#8221;off&#8221; global_colors_info=&#8221;{}&#8221;]<\/p>\n<h4>Kisk\u0151r\u00f6si iroda<\/h4>\n<p>Tel.: +36 20 911 8149<br \/>C\u00edm: 6200 Kisk\u0151r\u00f6s, \u00c1rp\u00e1d utca 2.<br \/>Nyitvatart\u00e1s: H\u00e9tf\u0151 &#8211; P\u00e9ntek: 9:00 &#8211; 12:00<\/p>\n<p>&nbsp;<\/p>\n<p>[\/et_pb_text][\/et_pb_column][\/et_pb_row][\/et_pb_section][et_pb_section fb_built=&#8221;1&#8243; admin_label=&#8221;CTA Section&#8221; _builder_version=&#8221;4.27.6&#8243; use_background_color_gradient=&#8221;on&#8221; background_color_gradient_stops=&#8221;#313e47 0%|rgba(49,62,71,0.5) 100%&#8221; background_color_gradient_overlays_image=&#8221;on&#8221; background_color_gradient_start=&#8221;#313e47&#8243; background_color_gradient_end=&#8221;rgba(49,62,71,0.5)&#8221; background_image=&#8221;https:\/\/nextingatlan.eu\/wp-content\/uploads\/2026\/04\/kep_footer.jpg&#8221; custom_padding=&#8221;200px|0px|200px|&#8221; border_color_all=&#8221;#203e76&#8243; border_width_left=&#8221;8vw&#8221; locked=&#8221;off&#8221; global_colors_info=&#8221;{}&#8221;][et_pb_row use_custom_gutter=&#8221;on&#8221; gutter_width=&#8221;2&#8243; admin_label=&#8221;CTA Area&#8221; _builder_version=&#8221;4.16&#8243; locked=&#8221;off&#8221; global_colors_info=&#8221;{}&#8221;][et_pb_column type=&#8221;4_4&#8243; _builder_version=&#8221;4.16&#8243; custom_padding=&#8221;|||&#8221; global_colors_info=&#8221;{}&#8221; custom_padding__hover=&#8221;|||&#8221;][et_pb_text admin_label=&#8221;Title&#8221; _builder_version=&#8221;4.27.6&#8243; text_font=&#8221;||||||||&#8221; header_font=&#8221;||||||||&#8221; header_2_font=&#8221;Prata||||||||&#8221; header_2_font_size=&#8221;48px&#8221; header_2_line_height=&#8221;1.6em&#8221; text_orientation=&#8221;center&#8221; background_layout=&#8221;dark&#8221; module_alignment=&#8221;center&#8221; custom_margin=&#8221;|||&#8221; custom_padding=&#8221;|||&#8221; animation_style=&#8221;fade&#8221; header_2_font_size_tablet=&#8221;40px&#8221; header_2_font_size_phone=&#8221;&#8221; header_2_font_size_last_edited=&#8221;on|tablet&#8221; locked=&#8221;off&#8221; global_colors_info=&#8221;{}&#8221;]<\/p>\n<h2>Keressen minket bizalommal!<\/h2>\n<p>[\/et_pb_text][\/et_pb_column][\/et_pb_row][\/et_pb_section]<\/p>\n","protected":false},"excerpt":{"rendered":"<p>Magunkr\u00f3lA Next Ingatlan Kft. &#8211; a Duna Hause Frachise partnerek\u00e9nt &#8211; Kecskem\u00e9t \u00e9s k\u00f6rny\u00e9ke egyik legmeghat\u00e1roz\u00f3bb ingatlank\u00f6zvet\u00edt\u0151 irod\u00e1ja. H\u00e1rom irod\u00e1nkban, 35 f\u0151b\u0151l \u00e1ll\u00f3, j\u00f3l k\u00e9pzett \u00e9s elh\u00edvatott csapatunk v\u00e1rja az elad\u00f3kat, vev\u0151ket, b\u00e9rbead\u00f3kat \u00e9s b\u00e9rl\u0151ket egyar\u00e1nt. Kecskem\u00e9t az otthonunk &#8211; itt \u00e9l\u00fcnk, itt dolgozunk, \u00e9s t\u00f6k\u00e9letesen ismerj\u00fck a helyi ingatlanpiacot, a k\u00f6rny\u00e9k adotts\u00e1gait, az oktat\u00e1si, [&hellip;]<\/p>\n","protected":false},"author":1,"featured_media":0,"parent":0,"menu_order":0,"comment_status":"closed","ping_status":"closed","template":"","meta":{"_et_pb_use_builder":"on","_et_pb_old_content":"","_et_gb_content_width":"","footnotes":""},"class_list":["post-12","page","type-page","status-publish","hentry"],"_links":{"self":[{"href":"https:\/\/nextingatlan.eu\/index.php?rest_route=\/wp\/v2\/pages\/12","targetHints":{"allow":["GET"]}}],"collection":[{"href":"https:\/\/nextingatlan.eu\/index.php?rest_route=\/wp\/v2\/pages"}],"about":[{"href":"https:\/\/nextingatlan.eu\/index.php?rest_route=\/wp\/v2\/types\/page"}],"author":[{"embeddable":true,"href":"https:\/\/nextingatlan.eu\/index.php?rest_route=\/wp\/v2\/users\/1"}],"replies":[{"embeddable":true,"href":"https:\/\/nextingatlan.eu\/index.php?rest_route=%2Fwp%2Fv2%2Fcomments&post=12"}],"version-history":[{"count":14,"href":"https:\/\/nextingatlan.eu\/index.php?rest_route=\/wp\/v2\/pages\/12\/revisions"}],"predecessor-version":[{"id":83,"href":"https:\/\/nextingatlan.eu\/index.php?rest_route=\/wp\/v2\/pages\/12\/revisions\/83"}],"wp:attachment":[{"href":"https:\/\/nextingatlan.eu\/index.php?rest_route=%2Fwp%2Fv2%2Fmedia&parent=12"}],"curies":[{"name":"wp","href":"https:\/\/api.w.org\/{rel}","templated":true}]}}